{"id":80,"date":"2020-04-06T10:55:34","date_gmt":"2020-04-06T08:55:34","guid":{"rendered":"http:\/\/rzeczpospolitasnow.pl\/?page_id=80"},"modified":"2021-06-10T19:14:18","modified_gmt":"2021-06-10T17:14:18","slug":"o-badaniu","status":"publish","type":"page","link":"https:\/\/rzeczpospolitasnow.pl\/index.php\/o-badaniu\/","title":{"rendered":"O badaniu"},"content":{"rendered":"<p>[et_pb_section fb_built=&#8221;1&#8243; fullwidth=&#8221;on&#8221; _builder_version=&#8221;3.22&#8243; background_color=&#8221;#2ea3f2&#8243; use_background_color_gradient=&#8221;on&#8221; background_color_gradient_start=&#8221;#2ea3f2&#8243; background_color_gradient_end=&#8221;#2e6df4&#8243; background_color_gradient_direction=&#8221;330deg&#8221;][et_pb_fullwidth_header title=&#8221;O badaniu&#8221; _builder_version=&#8221;3.16&#8243; title_font=&#8221;||||||||&#8221; background_color=&#8221;rgba(255, 255, 255, 0)&#8221; custom_padding=&#8221;27px|||||&#8221; button_one_text_size__hover_enabled=&#8221;off&#8221; button_two_text_size__hover_enabled=&#8221;off&#8221; button_one_text_color__hover_enabled=&#8221;off&#8221; button_two_text_color__hover_enabled=&#8221;off&#8221; button_one_border_width__hover_enabled=&#8221;off&#8221; button_two_border_width__hover_enabled=&#8221;off&#8221; button_one_border_color__hover_enabled=&#8221;off&#8221; button_two_border_color__hover_enabled=&#8221;off&#8221; button_one_border_radius__hover_enabled=&#8221;off&#8221; button_two_border_radius__hover_enabled=&#8221;off&#8221; button_one_letter_spacing__hover_enabled=&#8221;off&#8221; button_two_letter_spacing__hover_enabled=&#8221;off&#8221; button_one_bg_color__hover_enabled=&#8221;off&#8221; button_two_bg_color__hover_enabled=&#8221;off&#8221;][\/et_pb_fullwidth_header][\/et_pb_section][et_pb_section fb_built=&#8221;1&#8243; _builder_version=&#8221;3.22&#8243; custom_margin=&#8221;-30px|||||&#8221;][et_pb_row column_structure=&#8221;1_2,1_2&#8243; _builder_version=&#8221;4.4.2&#8243; background_size=&#8221;initial&#8221; background_position=&#8221;top_left&#8221; background_repeat=&#8221;repeat&#8221;][et_pb_column type=&#8221;1_2&#8243; _builder_version=&#8221;3.25&#8243; custom_padding=&#8221;|||&#8221; custom_padding__hover=&#8221;|||&#8221;][et_pb_text _builder_version=&#8221;3.27.4&#8243; background_size=&#8221;initial&#8221; background_position=&#8221;top_left&#8221; background_repeat=&#8221;repeat&#8221;]<\/p>\n<h2>Wst\u0119p<\/h2>\n<p>&#8222;Rzeczpospolita sn\u00f3w&#8221; to przestrze\u0144 dzielenia si\u0119 snami \u015bnionymi przez polskie spo\u0142ecze\u0144stwo pocz\u0105wszy od marca 2020 r., czyli w miesi\u0105cu wprowadzenia w kraju stanu epidemicznego zwi\u0105zanego z rozprzestrzenianiem si\u0119 koronawirusa, w tym pod 2 tygodniach od wydania zalecenia ograniczania w przemieszczaniu. Czas ten nie tylko jest trudny dla wielu os\u00f3b, ale prawdopodobnie jest tak\u017ce momentem inicjowania si\u0119 wielu, nieznanego jeszcze zasi\u0119gu i rozmiaru, globalnych i lokalnych zmian w \u017cyciu gospodarczym, spo\u0142ecznym, politycznym, obyczajowym i osobistym. St\u0105d &#8222;RP Sn\u00f3w&#8221; mo\u017ce sta\u0107 si\u0119 projektem id\u0105cym znacznie dalej ni\u017c tylko dokumentacja sn\u00f3w w czasach epidemii &#8211; jest ona dokumentacj\u0105 sn\u00f3w towarzysz\u0105cych powstawaniu bli\u017cej nieznanej nowej rzeczywisto\u015bci.<\/p>\n<p>Poni\u017cej znajdziesz informacje i przemy\u015blenia na temat prowadzonych bada\u0144, a docelowo ten dzia\u0142 poszerzony zostanie o kolejne wyniki bada\u0144, artyku\u0142y i wnioski.<\/p>\n<p>Aby zapozna\u0107 si\u0119 z zespo\u0142em prowadz\u0105cym badanie, zapraszamy do zak\u0142adki &#8222;<a href=\"https:\/\/rzeczpospolitasnow.pl\/index.php\/18-2\/\">zesp\u00f3\u0142<\/a>&#8222;.<\/p>\n<p>[\/et_pb_text][\/et_pb_column][et_pb_column type=&#8221;1_2&#8243; _builder_version=&#8221;3.25&#8243; custom_padding=&#8221;|||&#8221; custom_padding__hover=&#8221;|||&#8221;][et_pb_blurb title=&#8221;Sny w dobie pandemii&#8221; url=&#8221;https:\/\/kobieta.onet.pl\/koronawirusowe-sny-psychoterapeuta-bada-o-czym-snimy-w-czasie-pandemii\/5ejchpx&#8221; url_new_window=&#8221;on&#8221; image=&#8221;http:\/\/rzeczpospolitasnow.pl\/wp-content\/uploads\/2020\/04\/onet_wywiad.jpg&#8221; _builder_version=&#8221;4.4.2&#8243; link_option_url=&#8221;https:\/\/kobieta.onet.pl\/koronawirusowe-sny-psychoterapeuta-bada-o-czym-snimy-w-czasie-pandemii\/5ejchpx&#8221; link_option_url_new_window=&#8221;on&#8221;]<\/p>\n<p>Zapraszamy do lektury wywiadu, kt\u00f3ry przeprowadzi\u0142a Karolina Rogaska z Bartoszem Samitowskim na temat &#8222;Rzeczpospolitej Sn\u00f3w&#8221; (kliknij powy\u017cej).<\/p>\n<p>[\/et_pb_blurb][\/et_pb_column][\/et_pb_row][et_pb_row column_structure=&#8221;1_2,1_2&#8243; _builder_version=&#8221;4.4.2&#8243; background_size=&#8221;initial&#8221; background_position=&#8221;top_left&#8221; background_repeat=&#8221;repeat&#8221; custom_margin=&#8221;|411px||auto||&#8221;][et_pb_column type=&#8221;1_2&#8243; _builder_version=&#8221;3.25&#8243; custom_padding=&#8221;|||&#8221; custom_padding__hover=&#8221;|||&#8221;][et_pb_text _builder_version=&#8221;3.27.4&#8243; background_size=&#8221;initial&#8221; background_position=&#8221;top_left&#8221; background_repeat=&#8221;repeat&#8221;]<\/p>\n<h3>Antropologia kulturowa i psychologia analityczna<\/h3>\n<p><span>&#8222;Rzeczpospolita sn\u00f3w&#8221; to tak\u017ce badanie nie\u015bwiadomo\u015bci kolektywnej i proces\u00f3w antropologicznych. Sny, kt\u00f3re nam wy\u015blesz, pos\u0142u\u017c\u0105 nam do bada\u0144 naukowych proces\u00f3w zachodz\u0105cych w nie\u015bwiadomo\u015bci kolektywnej w miejscu i czasie, w kt\u00f3rym \u017cyjemy. Zachowana zostanie przy tym pe\u0142na anonimowo\u015b\u0107 os\u00f3b dziel\u0105cych si\u0119 swoimi snami. Badanie prowadzimy z perspektywy antropologii kulturowej, psychoanalizy jungowskiej \/ psychologii analitycznej.<\/span><\/p>\n<p>[\/et_pb_text][et_pb_audio audio=&#8221;http:\/\/rzeczpospolitasnow.pl\/wp-content\/uploads\/2020\/05\/Wywiad_Dwojka.mp3&#8243; title=&#8221;RP Sn\u00f3w w Poranku Dw\u00f3jki&#8221; album_name=&#8221;Rozmowa Piotra K\u0119dziorka z Bartoszem Samitowskim, 9 V 2020. Kliknij na ten tekst, aby przej\u015b\u0107 do artyku\u0142u na stronie Polskiego Radia lub na przycisk %22play%22 by pos\u0142ucha\u0107 rozmowy.&#8221; _builder_version=&#8221;4.4.2&#8243; link_option_url=&#8221;https:\/\/www.polskieradio.pl\/8\/194\/Artykul\/2506776&#8243; link_option_url_new_window=&#8221;on&#8221;][\/et_pb_audio][et_pb_audio audio=&#8221;http:\/\/rzeczpospolitasnow.pl\/wp-content\/uploads\/2020\/04\/21.04-i-rzeczpospolita-snow-ok.mp3&#8243; title=&#8221;RP Sn\u00f3w w Tr\u00f3jce&#8221; album_name=&#8221;Program III Polskiego Radia, materia\u0142 Moniki Suszek, 21 IV 2020&#8243; _builder_version=&#8221;4.4.2&#8243; custom_margin=&#8221;-7px|||||&#8221; custom_padding=&#8221;35px|||||&#8221;][\/et_pb_audio][et_pb_audio audio=&#8221;http:\/\/rzeczpospolitasnow.pl\/wp-content\/uploads\/2020\/04\/rzeczpospolita-snow.mp3&#8243; title=&#8221;Wywiad o RP Sn\u00f3w &#8211; wersja pe\u0142na&#8221; album_name=&#8221;Zapis ca\u0142ej rozmowy Moniki Suszek z Bartoszem Samitowskim na potrzeby materia\u0142u w Programie III Polskiego Radia, 21 IV 2020&#8243; _builder_version=&#8221;4.4.2&#8243;][\/et_pb_audio][\/et_pb_column][et_pb_column type=&#8221;1_2&#8243; _builder_version=&#8221;3.25&#8243; custom_padding=&#8221;|||&#8221; custom_padding__hover=&#8221;|||&#8221;][et_pb_text _builder_version=&#8221;4.4.2&#8243; background_size=&#8221;initial&#8221; background_position=&#8221;top_left&#8221; background_repeat=&#8221;repeat&#8221;]<\/p>\n<h3>Obszar zainteresowa\u0144\u00a0<\/h3>\n<h3><span style=\"font-size: 14px; color: #666666;\">Czy i jak bie\u017c\u0105ca sytuacja epidemii wp\u0142ywa na nasze sny? Co sny m\u00f3wi\u0105 o rzeczywisto\u015bci, w kt\u00f3rej jeste\u015bmy? Jak przebiega proces spo\u0142ecznej narracji \u015bnienia i jak wp\u0142ywa on na nasze rozumienie wydarze\u0144 na jawie?<\/span><\/h3>\n<h3><span style=\"font-size: 14px; color: #666666;\">Interesuje nas koronawirus nie tylko jako choroba, ale jako do\u015bwiadczenie spo\u0142eczne, wp\u0142yw na jednostk\u0119 mechanizm\u00f3w kontroli, w\u0142adzy i strachu przed zaraz\u0105 i szerzej \u2013 katastrof\u0105 ludzko\u015bci, w tym zagro\u017ceniami ekologicznymi, formowanie si\u0119 przestrzeni wykluczenia i izolacji, tendencji do ujawniania si\u0119 totalitaryzm\u00f3w politycznych, a tak\u017ce poszukiwania dr\u00f3g dla przetrwania i niezb\u0119dnych dla dalszego \u017cycia transformacji. <\/span><\/h3>\n<h3><span style=\"font-size: 14px; color: #666666;\">\u00a0Wyniki naszej pracy, bada\u0144 i refleksji b\u0119d\u0105 publicznie dost\u0119pne. Nasze plany zak\u0142adaj\u0105 publikacje artyku\u0142\u00f3w w czasopismach naukowych oraz ksi\u0105\u017ck\u0119 pt. &#8222;Rzeczpospolita sn\u00f3w&#8221;.<\/span><\/h3>\n<h3><\/h3>\n<p><span style=\"font-size: 14px; color: #666666;\"><\/span><\/p>\n<p>[\/et_pb_text][et_pb_text _builder_version=&#8221;4.4.2&#8243;]<\/p>\n<h3>Spotkanie z nie\u015bwiadomo\u015bci\u0105 w czasie pandemii.<\/h3>\n<p>Zapraszamy do obejrzenia rozmowy online z Bartoszem Samitowskim zorganizowanej przez Polskie Towarzystwo Psychologii Analitycznej. Rozmawia: Prezes PTPA Marta Kotarba<\/p>\n<p>[\/et_pb_text][et_pb_video src=&#8221;http:\/\/rzeczpospolitasnow.pl\/wp-content\/uploads\/2020\/06\/10000000_157974495773588_8532967625439933867_n.mp4&#8243; thumbnail_overlay_color=&#8221;rgba(0,0,0,0.6)&#8221; _builder_version=&#8221;4.4.2&#8243;][\/et_pb_video][\/et_pb_column][\/et_pb_row][et_pb_row column_structure=&#8221;1_2,1_2&#8243; _builder_version=&#8221;4.4.2&#8243;][et_pb_column type=&#8221;1_2&#8243; _builder_version=&#8221;4.4.2&#8243;][et_pb_audio audio=&#8221;http:\/\/rzeczpospolitasnow.pl\/wp-content\/uploads\/2020\/06\/rzeczpospolita_snow_tokfm.wav&#8221; title=&#8221;RP Sn\u00f3w w TOK FM&#8221; album_name=&#8221;Rozmowa w Weekendowym Poranku Macieja Zakrockiego, 31 maja 2020&#8243; _builder_version=&#8221;4.4.2&#8243;][\/et_pb_audio][\/et_pb_column][et_pb_column type=&#8221;1_2&#8243; _builder_version=&#8221;4.4.2&#8243;][et_pb_text _builder_version=&#8221;4.4.2&#8243;]<\/p>\n<h3>Grupa &#8222;Rzeczypospolitej Sn\u00f3w&#8221; na Facebooku<\/h3>\n<p style=\"text-align: left;\">W ramach projektu powsta\u0142a grupa &#8222;Rzeczpospolita Sn\u00f3w&#8221; na Facebooku. Mo\u017cesz j\u0105 odwiedzi\u0107 <a href=\"https:\/\/www.facebook.com\/groups\/rzeczpospolitasnow\" target=\"_blank\" rel=\"noopener noreferrer\">klikaj\u0105c tutaj<\/a>. Szybki rozw\u00f3j grupy przer\u00f3s\u0142 oczekiwania autor\u00f3w; okaza\u0142o si\u0119, \u017ce najwyra\u017aniej mamy spo\u0142eczn\u0105 potrzeb\u0119 dzielenia si\u0119 snami i \u017ce miejsce to zyska\u0142o warto\u015b\u0107 wykraczaj\u0105c\u0105 poza samo badanie. Sta\u0142o si\u0119 przestrzeni\u0105 kontaktu i dzielenia si\u0119 snami, emocjami, przemy\u015bleniami. Dlatego chcemy, \u017ceby ta grupa funkcjonowa\u0142a dalej niezale\u017cnie od samego badania, r\u00f3wnie\u017c, gdy ono si\u0119 sko\u0144czy, jako warto\u015b\u0107 sama w sobie, zainspirowana pomys\u0142em badania.<\/p>\n<p>[\/et_pb_text][et_pb_text _builder_version=&#8221;4.7.3&#8243; _module_preset=&#8221;default&#8221;]<\/p>\n<h3>Przedstawienie &#8222;IV RP Sn\u00f3w&#8221;<\/h3>\n<p>W po\u0142\u0105czeniu z naszymi badaniami powstaje przedstawienie teatralne pt. &#8222;IV Rzeczpospolita Sn\u00f3w&#8221;, realizowane wsp\u00f3lnie ze Stowarzyszeniem Sztuka Nowa, przy dofinansowaniu M. St. Warszawa. Materia\u0142 do przedstawienia stanowi\u0105 sny uczestnik\u00f3w matryc \u015bnienia spo\u0142ecznego, przeprowadzonych latem. Premiera ju\u017c 20 grudnia 2020! W najbli\u017cszych dniach wi\u0119cej informacji w specjalnej zak\u0142adce.<\/p>\n<p>[\/et_pb_text][\/et_pb_column][\/et_pb_row][et_pb_row column_structure=&#8221;1_2,1_2&#8243; _builder_version=&#8221;4.4.2&#8243; background_size=&#8221;initial&#8221; background_position=&#8221;top_left&#8221; background_repeat=&#8221;repeat&#8221;][et_pb_column type=&#8221;1_2&#8243; _builder_version=&#8221;3.25&#8243; custom_padding=&#8221;|||&#8221; custom_padding__hover=&#8221;|||&#8221;][et_pb_text _builder_version=&#8221;4.4.2&#8243; background_size=&#8221;initial&#8221; background_position=&#8221;top_left&#8221; background_repeat=&#8221;repeat&#8221;]<\/p>\n<h4 style=\"text-align: justify;\">Inspiracje<\/h4>\n<p><span>Inspiracj\u0105 dla niniejszych bada\u0144 jest ksi\u0105\u017cka pt. \u201eThird Reich of Dreams\u201d (pol. \u201cTrzecia Rzesza sn\u00f3w\u201d) autorstwa Charlotte Beradt, dziennikarki, kt\u00f3ra bada\u0142a, jak zmienia\u0142y si\u0119 sny w latach 1933-1939 w Niemczech. Zebra\u0142a ona ponad 300 sn\u00f3w ukazuj\u0105cych wp\u0142yw totalitaryzmu na dusz\u0119 ludzk\u0105 oraz zapowiadaj\u0105cych wydarzenia II W. \u015a. zanim wierzono, \u017ce mo\u017ce do niej doj\u015b\u0107. Ksi\u0105\u017cka ta doprowadzi\u0142a do rozwoju refleksji nad kulturowymi aspektami \u015bnienia oraz odbijaniu si\u0119 nawzajem w sobie proces\u00f3w spo\u0142ecznych i sn\u00f3w. Ksi\u0105\u017cka ta zainspirowa\u0142a Lawrence\u2019a Gordona do stworzenia metody \u201ematrycy \u015bnienia spo\u0142ecznego\u201d.<\/span><\/p>\n<p>[\/et_pb_text][\/et_pb_column][et_pb_column type=&#8221;1_2&#8243; _builder_version=&#8221;3.25&#8243; custom_padding=&#8221;|||&#8221; custom_padding__hover=&#8221;|||&#8221;][et_pb_text _builder_version=&#8221;3.27.4&#8243; background_size=&#8221;initial&#8221; background_position=&#8221;top_left&#8221; background_repeat=&#8221;repeat&#8221;]<\/p>\n<h4>Poszukiwania<\/h4>\n<p>Kontakt umys\u0142u \u015bwiadomego z nie\u015bwiadomo\u015bci\u0105, zgodnie z psychologi\u0105 analityczn\u0105 zapocz\u0105tkowan\u0105 przez C. G. Junga, mo\u017ce pom\u00f3c odnale\u017a\u0107 nowe drogi, przej\u015b\u0107 procesy inicjacyjne, okre\u015bli\u0107 si\u0119 w stosunku do wewn\u0119trznych konflikt\u00f3w, znale\u017a\u0107 wyj\u015bcie z potrzasku przeciwie\u0144stw. Posun\u0105\u0107 nasze \u015bnienie naprz\u00f3d.<\/p>\n<p>Je\u015bli wy\u015blesz nam sw\u00f3j sen, stanie si\u0119 on naszym dobrem wsp\u00f3lnym. Nie b\u0119dziemy interpretowa\u0107 i analizowa\u0107 Ciebie przez pryzmat Twojego \u015bnienia. B\u0119dziemy interpretowa\u0107 i analizowa\u0107 co dzieje si\u0119 w \u015ani\u0105cej Rzeczpospolitej w czasach, w kt\u00f3rych \u017cyjemy i jak nasze \u017cycie wp\u0142ywa na \u015bnienie oraz jak to \u015bnienie wp\u0142ywa na nas.\u00a0<\/p>\n<p>[\/et_pb_text][\/et_pb_column][\/et_pb_row][et_pb_row column_structure=&#8221;1_4,1_4,1_4,1_4&#8243; _builder_version=&#8221;4.4.2&#8243;][et_pb_column type=&#8221;1_4&#8243; _builder_version=&#8221;4.4.2&#8243;][et_pb_image src=&#8221;http:\/\/rzeczpospolitasnow.pl\/wp-content\/uploads\/2020\/04\/uw.jpg&#8221; url=&#8221;http:\/\/uw.edu.pl&#8221; url_new_window=&#8221;on&#8221; _builder_version=&#8221;4.4.2&#8243; custom_margin=&#8221;|1px||||&#8221; custom_padding=&#8221;|||0px||&#8221;][\/et_pb_image][\/et_pb_column][et_pb_column type=&#8221;1_4&#8243; _builder_version=&#8221;4.4.2&#8243;][et_pb_image src=&#8221;http:\/\/rzeczpospolitasnow.pl\/wp-content\/uploads\/2020\/04\/ieiak.jpg&#8221; url=&#8221;https:\/\/www.etnologia.uw.edu.pl\/&#8221; url_new_window=&#8221;on&#8221; _builder_version=&#8221;4.4.2&#8243; custom_margin=&#8221;|-72px||-96px||&#8221; custom_padding=&#8221;|0px||23px||&#8221;][\/et_pb_image][\/et_pb_column][et_pb_column type=&#8221;1_4&#8243; _builder_version=&#8221;4.4.2&#8243;][et_pb_image src=&#8221;http:\/\/rzeczpospolitasnow.pl\/wp-content\/uploads\/2020\/04\/saj_okr-150&#215;150.jpg&#8221; url=&#8221;http:\/\/analitycyjungowscy.pl&#8221; url_new_window=&#8221;on&#8221; _builder_version=&#8221;4.4.2&#8243; width=&#8221;80.8%&#8221; custom_margin=&#8221;|||59px||&#8221; custom_padding=&#8221;|63px|0px|0px||&#8221;][\/et_pb_image][\/et_pb_column][et_pb_column type=&#8221;1_4&#8243; _builder_version=&#8221;4.4.2&#8243;][et_pb_image src=&#8221;http:\/\/rzeczpospolitasnow.pl\/wp-content\/uploads\/2020\/04\/logo_ptpa.jpg&#8221; url=&#8221;http:\/\/ptpajung.pl&#8221; url_new_window=&#8221;on&#8221; align=&#8221;right&#8221; _builder_version=&#8221;4.4.2&#8243;][\/et_pb_image][\/et_pb_column][\/et_pb_row][\/et_pb_section]<\/p>\n","protected":false},"excerpt":{"rendered":"<p>[et_pb_section fb_built=&#8221;1&#8243; fullwidth=&#8221;on&#8221; _builder_version=&#8221;3.22&#8243; background_color=&#8221;#2ea3f2&#8243; use_background_color_gradient=&#8221;on&#8221; background_color_gradient_start=&#8221;#2ea3f2&#8243; background_color_gradient_end=&#8221;#2e6df4&#8243; background_color_gradient_direction=&#8221;330deg&#8221;][et_pb_fullwidth_header title=&#8221;O badaniu&#8221; _builder_version=&#8221;3.16&#8243; title_font=&#8221;||||||||&#8221; background_color=&#8221;rgba(255, 255, 255, 0)&#8221; custom_padding=&#8221;27px|||||&#8221; button_one_text_size__hover_enabled=&#8221;off&#8221; button_two_text_size__hover_enabled=&#8221;off&#8221; button_one_text_color__hover_enabled=&#8221;off&#8221; button_two_text_color__hover_enabled=&#8221;off&#8221; button_one_border_width__hover_enabled=&#8221;off&#8221; button_two_border_width__hover_enabled=&#8221;off&#8221; button_one_border_color__hover_enabled=&#8221;off&#8221; button_two_border_color__hover_enabled=&#8221;off&#8221; button_one_border_radius__hover_enabled=&#8221;off&#8221; button_two_border_radius__hover_enabled=&#8221;off&#8221; button_one_letter_spacing__hover_enabled=&#8221;off&#8221; button_two_letter_spacing__hover_enabled=&#8221;off&#8221; button_one_bg_color__hover_enabled=&#8221;off&#8221; button_two_bg_color__hover_enabled=&#8221;off&#8221;][\/et_pb_fullwidth_header][\/et_pb_section][et_pb_section fb_built=&#8221;1&#8243; _builder_version=&#8221;3.22&#8243; custom_margin=&#8221;-30px|||||&#8221;][et_pb_row column_structure=&#8221;1_2,1_2&#8243; _builder_version=&#8221;4.4.2&#8243; background_size=&#8221;initial&#8221; background_position=&#8221;top_left&#8221; background_repeat=&#8221;repeat&#8221;][et_pb_column type=&#8221;1_2&#8243; _builder_version=&#8221;3.25&#8243; custom_padding=&#8221;|||&#8221; custom_padding__hover=&#8221;|||&#8221;][et_pb_text _builder_version=&#8221;3.27.4&#8243; background_size=&#8221;initial&#8221; background_position=&#8221;top_left&#8221; background_repeat=&#8221;repeat&#8221;] Wst\u0119p &#8222;Rzeczpospolita sn\u00f3w&#8221; to przestrze\u0144 dzielenia si\u0119 [&hellip;]<\/p>\n","protected":false},"author":1,"featured_media":0,"parent":0,"menu_order":0,"comment_status":"closed","ping_status":"closed","template":"","meta":{"_et_pb_use_builder":"on","_et_pb_old_content":"","_et_gb_content_width":"","_monsterinsights_skip_tracking":false,"_monsterinsights_sitenote_active":false,"_monsterinsights_sitenote_note":"","_monsterinsights_sitenote_category":0},"yoast_head":"<!-- This site is optimized with the Yoast SEO plugin v15.9 - https:\/\/yoast.com\/wordpress\/plugins\/seo\/ -->\n<title>O badaniu - Rzeczpospolita Sn\u00f3w<\/title>\n<meta name=\"robots\" content=\"index, follow, max-snippet:-1, max-image-preview:large, max-video-preview:-1\" \/>\n<link rel=\"canonical\" href=\"http:\/\/rzeczpospolitasnow.pl\/index.php\/o-badaniu\/\" \/>\n<meta property=\"og:locale\" content=\"pl_PL\" \/>\n<meta property=\"og:type\" content=\"article\" \/>\n<meta property=\"og:title\" content=\"O badaniu - Rzeczpospolita Sn\u00f3w\" \/>\n<meta property=\"og:description\" content=\"[et_pb_section fb_built=&#8221;1&#8243; fullwidth=&#8221;on&#8221; _builder_version=&#8221;3.22&#8243; background_color=&#8221;#2ea3f2&#8243; use_background_color_gradient=&#8221;on&#8221; background_color_gradient_start=&#8221;#2ea3f2&#8243; background_color_gradient_end=&#8221;#2e6df4&#8243; background_color_gradient_direction=&#8221;330deg&#8221;][et_pb_fullwidth_header title=&#8221;O badaniu&#8221; _builder_version=&#8221;3.16&#8243; title_font=&#8221;||||||||&#8221; background_color=&#8221;rgba(255, 255, 255, 0)&#8221; custom_padding=&#8221;27px|||||&#8221; button_one_text_size__hover_enabled=&#8221;off&#8221; button_two_text_size__hover_enabled=&#8221;off&#8221; button_one_text_color__hover_enabled=&#8221;off&#8221; button_two_text_color__hover_enabled=&#8221;off&#8221; button_one_border_width__hover_enabled=&#8221;off&#8221; button_two_border_width__hover_enabled=&#8221;off&#8221; button_one_border_color__hover_enabled=&#8221;off&#8221; button_two_border_color__hover_enabled=&#8221;off&#8221; button_one_border_radius__hover_enabled=&#8221;off&#8221; button_two_border_radius__hover_enabled=&#8221;off&#8221; button_one_letter_spacing__hover_enabled=&#8221;off&#8221; button_two_letter_spacing__hover_enabled=&#8221;off&#8221; button_one_bg_color__hover_enabled=&#8221;off&#8221; button_two_bg_color__hover_enabled=&#8221;off&#8221;][\/et_pb_fullwidth_header][\/et_pb_section][et_pb_section fb_built=&#8221;1&#8243; _builder_version=&#8221;3.22&#8243; custom_margin=&#8221;-30px|||||&#8221;][et_pb_row column_structure=&#8221;1_2,1_2&#8243; _builder_version=&#8221;4.4.2&#8243; background_size=&#8221;initial&#8221; background_position=&#8221;top_left&#8221; background_repeat=&#8221;repeat&#8221;][et_pb_column type=&#8221;1_2&#8243; _builder_version=&#8221;3.25&#8243; custom_padding=&#8221;|||&#8221; custom_padding__hover=&#8221;|||&#8221;][et_pb_text _builder_version=&#8221;3.27.4&#8243; background_size=&#8221;initial&#8221; background_position=&#8221;top_left&#8221; background_repeat=&#8221;repeat&#8221;] Wst\u0119p &#8222;Rzeczpospolita sn\u00f3w&#8221; to przestrze\u0144 dzielenia si\u0119 [&hellip;]\" \/>\n<meta property=\"og:url\" content=\"http:\/\/rzeczpospolitasnow.pl\/index.php\/o-badaniu\/\" \/>\n<meta property=\"og:site_name\" content=\"Rzeczpospolita Sn\u00f3w\" \/>\n<meta property=\"article:modified_time\" content=\"2021-06-10T17:14:18+00:00\" \/>\n<meta name=\"twitter:card\" content=\"summary_large_image\" \/>\n<meta name=\"twitter:label1\" content=\"Est. reading time\">\n\t<meta name=\"twitter:data1\" content=\"8 minut\">\n<script type=\"application\/ld+json\" class=\"yoast-schema-graph\">{\"@context\":\"https:\/\/schema.org\",\"@graph\":[{\"@type\":\"WebSite\",\"@id\":\"https:\/\/rzeczpospolitasnow.pl\/#website\",\"url\":\"https:\/\/rzeczpospolitasnow.pl\/\",\"name\":\"Rzeczpospolita Sn\\u00f3w\",\"description\":\"Przestrze\\u0144 dzielenia si\\u0119 snami i bada\\u0144 nad &quot;\\u015ani\\u0105c\\u0105 Rzeczpospolit\\u0105&quot;\",\"potentialAction\":[{\"@type\":\"SearchAction\",\"target\":\"https:\/\/rzeczpospolitasnow.pl\/?s={search_term_string}\",\"query-input\":\"required name=search_term_string\"}],\"inLanguage\":\"pl-PL\"},{\"@type\":\"WebPage\",\"@id\":\"http:\/\/rzeczpospolitasnow.pl\/index.php\/o-badaniu\/#webpage\",\"url\":\"http:\/\/rzeczpospolitasnow.pl\/index.php\/o-badaniu\/\",\"name\":\"O badaniu - Rzeczpospolita Sn\\u00f3w\",\"isPartOf\":{\"@id\":\"https:\/\/rzeczpospolitasnow.pl\/#website\"},\"datePublished\":\"2020-04-06T08:55:34+00:00\",\"dateModified\":\"2021-06-10T17:14:18+00:00\",\"breadcrumb\":{\"@id\":\"http:\/\/rzeczpospolitasnow.pl\/index.php\/o-badaniu\/#breadcrumb\"},\"inLanguage\":\"pl-PL\",\"potentialAction\":[{\"@type\":\"ReadAction\",\"target\":[\"http:\/\/rzeczpospolitasnow.pl\/index.php\/o-badaniu\/\"]}]},{\"@type\":\"BreadcrumbList\",\"@id\":\"http:\/\/rzeczpospolitasnow.pl\/index.php\/o-badaniu\/#breadcrumb\",\"itemListElement\":[{\"@type\":\"ListItem\",\"position\":1,\"item\":{\"@type\":\"WebPage\",\"@id\":\"https:\/\/rzeczpospolitasnow.pl\/\",\"url\":\"https:\/\/rzeczpospolitasnow.pl\/\",\"name\":\"Strona g\\u0142\\u00f3wna\"}},{\"@type\":\"ListItem\",\"position\":2,\"item\":{\"@type\":\"WebPage\",\"@id\":\"http:\/\/rzeczpospolitasnow.pl\/index.php\/o-badaniu\/\",\"url\":\"http:\/\/rzeczpospolitasnow.pl\/index.php\/o-badaniu\/\",\"name\":\"O badaniu\"}}]}]}<\/script>\n<!-- \/ Yoast SEO plugin. -->","_links":{"self":[{"href":"https:\/\/rzeczpospolitasnow.pl\/index.php\/wp-json\/wp\/v2\/pages\/80"}],"collection":[{"href":"https:\/\/rzeczpospolitasnow.pl\/index.php\/wp-json\/wp\/v2\/pages"}],"about":[{"href":"https:\/\/rzeczpospolitasnow.pl\/index.php\/wp-json\/wp\/v2\/types\/page"}],"author":[{"embeddable":true,"href":"https:\/\/rzeczpospolitasnow.pl\/index.php\/wp-json\/wp\/v2\/users\/1"}],"replies":[{"embeddable":true,"href":"https:\/\/rzeczpospolitasnow.pl\/index.php\/wp-json\/wp\/v2\/comments?post=80"}],"version-history":[{"count":24,"href":"https:\/\/rzeczpospolitasnow.pl\/index.php\/wp-json\/wp\/v2\/pages\/80\/revisions"}],"predecessor-version":[{"id":244,"href":"https:\/\/rzeczpospolitasnow.pl\/index.php\/wp-json\/wp\/v2\/pages\/80\/revisions\/244"}],"wp:attachment":[{"href":"https:\/\/rzeczpospolitasnow.pl\/index.php\/wp-json\/wp\/v2\/media?parent=80"}],"curies":[{"name":"wp","href":"https:\/\/api.w.org\/{rel}","templated":true}]}}