{"id":18,"date":"2020-04-05T18:52:53","date_gmt":"2020-04-05T16:52:53","guid":{"rendered":"http:\/\/rzeczpospolitasnow.pl\/?page_id=18"},"modified":"2020-06-14T18:04:11","modified_gmt":"2020-06-14T16:04:11","slug":"18-2","status":"publish","type":"page","link":"https:\/\/rzeczpospolitasnow.pl\/index.php\/18-2\/","title":{"rendered":"Zesp\u00f3\u0142"},"content":{"rendered":"<p>[et_pb_section fb_built=&#8221;1&#8243; fullwidth=&#8221;on&#8221; _builder_version=&#8221;3.22&#8243; background_color=&#8221;#2ea3f2&#8243; use_background_color_gradient=&#8221;on&#8221; background_color_gradient_start=&#8221;#2ea3f2&#8243; background_color_gradient_end=&#8221;#2e6df4&#8243; background_color_gradient_direction=&#8221;330deg&#8221;][et_pb_fullwidth_header title=&#8221;Nasz zesp\u00f3\u0142&#8221; subhead=&#8221;Badacze Rzeczypospolitej Sn\u00f3w&#8221; content_max_width=&#8221;none&#8221; _builder_version=&#8221;3.16&#8243; background_color=&#8221;rgba(255, 255, 255, 0)&#8221; custom_padding=&#8221;9px||0px|||&#8221; button_one_text_size__hover_enabled=&#8221;off&#8221; button_two_text_size__hover_enabled=&#8221;off&#8221; button_one_text_color__hover_enabled=&#8221;off&#8221; button_two_text_color__hover_enabled=&#8221;off&#8221; button_one_border_width__hover_enabled=&#8221;off&#8221; button_two_border_width__hover_enabled=&#8221;off&#8221; button_one_border_color__hover_enabled=&#8221;off&#8221; button_two_border_color__hover_enabled=&#8221;off&#8221; button_one_border_radius__hover_enabled=&#8221;off&#8221; button_two_border_radius__hover_enabled=&#8221;off&#8221; button_one_letter_spacing__hover_enabled=&#8221;off&#8221; button_two_letter_spacing__hover_enabled=&#8221;off&#8221; button_one_bg_color__hover_enabled=&#8221;off&#8221; button_two_bg_color__hover_enabled=&#8221;off&#8221;][\/et_pb_fullwidth_header][\/et_pb_section][et_pb_section fb_built=&#8221;1&#8243; _builder_version=&#8221;3.22&#8243; background_color=&#8221;#f7f7f7&#8243; custom_padding=&#8221;||0px|||&#8221;][et_pb_row _builder_version=&#8221;3.25&#8243; background_size=&#8221;initial&#8221; background_position=&#8221;top_left&#8221; background_repeat=&#8221;repeat&#8221;][et_pb_column type=&#8221;4_4&#8243; _builder_version=&#8221;3.25&#8243; custom_padding=&#8221;|||&#8221; custom_padding__hover=&#8221;|||&#8221;][et_pb_text _builder_version=&#8221;4.4.2&#8243; background_size=&#8221;initial&#8221; background_position=&#8221;top_left&#8221; background_repeat=&#8221;repeat&#8221; width=&#8221;100%&#8221; custom_margin=&#8221;-50px|-230px||||&#8221; custom_padding=&#8221;|0px||||&#8221;]<\/p>\n<h1><\/h1>\n<p>&#8222;Rzeczpospolita Sn\u00f3w&#8221; to interdyscyplinarna i wielopoziomowa refleksja na temat \u015bnienia spo\u0142ecznego w czasach zmian i niepewno\u015bci zapocz\u0105tkowanych epidemi\u0105 koronawirusa, kt\u00f3ra b\u0119dzie kontynuowana przez co najmniej rok lub dwa pocz\u0105wszy od jej pocz\u0105tku w marcu 2020. Przygl\u0105damy si\u0119 temu procesowi z perspektyw: psychoanalizy jungowskiej, antropologii kulturowej i psychologii. Poni\u017cej znajdziesz informacje o osobach opiekuj\u0105cych si\u0119 projektem wraz z odno\u015bnikami do naszych stron www. Je\u017celi masz pomys\u0142 na sw\u00f3j wk\u0142ad w nasz projekt, <a href=\"mailto:b.samitowski@uw.edu.pl\">napisz do nas<\/a>.<\/p>\n<p>[\/et_pb_text][\/et_pb_column][\/et_pb_row][\/et_pb_section][et_pb_section fb_built=&#8221;1&#8243; _builder_version=&#8221;3.22&#8243; min_height=&#8221;1556px&#8221;][et_pb_row _builder_version=&#8221;4.4.2&#8243; background_size=&#8221;initial&#8221; background_position=&#8221;top_left&#8221; background_repeat=&#8221;repeat&#8221; custom_padding=&#8221;||0px|||&#8221;][et_pb_column type=&#8221;4_4&#8243; _builder_version=&#8221;3.25&#8243; custom_padding=&#8221;|||&#8221; custom_padding__hover=&#8221;|||&#8221;][et_pb_team_member name=&#8221;Bartosz Samitowski&#8221; position=&#8221;Autor pomys\u0142u badania naukowego Rzeczypospolitej Sn\u00f3w, analityk i superwizor jungowski, certyfikowany psychoterapeuta, antropolog kultury&#8221; image_url=&#8221;http:\/\/rzeczpospolitasnow.pl\/wp-content\/uploads\/2020\/04\/71391852_10217151740040474_7467233374935973888_o.jpg&#8221; icon_color=&#8221;#2ea3f2&#8243; admin_label=&#8221;Team Member&#8221; _builder_version=&#8221;4.4.2&#8243; background_size=&#8221;initial&#8221; background_position=&#8221;top_left&#8221; background_repeat=&#8221;repeat&#8221; animation=&#8221;fade_in&#8221; border_radii_image_tablet=&#8221;&#8221; border_radii_image_phone=&#8221;&#8221; border_radii_image_last_edited=&#8221;on|desktop&#8221;]<\/p>\n<p>Prowadz\u0119 projekt &#8222;Rzeczpospolita Sn\u00f3w&#8221;, a w jego ramach badania nad kolektywnym \u015bnieniem spo\u0142ecze\u0144stwa polskiego w okresie zapocz\u0105tkowanym przez epidemi\u0119 koronawirusa. Pisz\u0119 doktorat w Szkole Doktorskiej Nauk Humanistycznych UW. Prowadz\u0119 zaj\u0119cia pt. &#8222;Antropologia i psychoterapia&#8221; w Instytucie Etnologii i Antropologii Kulturowej UW, kt\u00f3rego jestem absolwentem. Jestem psychoanalitykiem i superwizorem jungowskim oraz certyfikowanym psychoterapeut\u0105. Uko\u0144czy\u0142em wieloletni trening indywidualny w <a href=\"http:\/\/www.iaap.org\" target=\"_blank\" rel=\"noopener noreferrer\">International Association for Analytical Psychology<\/a>. Analiza sn\u00f3w od wielu lat jest wa\u017cnym elementem mojej codziennej pracy w gabinecie.<\/p>\n<p>Od wielu lat pisz\u0119 teksty o psychologii jungowskiej. Pe\u0142ni\u0119 funkcj\u0119 prezesa <a href=\"http:\/\/analitycyjungowscy.pl\" target=\"_blank\" rel=\"noopener noreferrer\">Stowarzyszenia Analityk\u00f3w Jungowskich<\/a> oraz II wiceprezesa <a href=\"http:\/\/ptpajung.pl\" target=\"_blank\" rel=\"noopener noreferrer\">Polskiego Towarzystwa Psychologii Analitycznej<\/a>,<span style=\"font-size: 14px;\">\u00a0a tak\u017ce ucz\u0119 psychoterapii w szkoleniach organizowanych przez te Towarzystwa. <\/span><\/p>\n<p><span style=\"font-size: 14px;\">Poza gabinetem zajmuj\u0119 si\u0119 tw\u00f3rczo\u015bci\u0105 muzyczn\u0105 i pisz\u0119 teksty piosenek dla polskich artyst\u00f3w.<\/span><\/p>\n<p><a href=\"http:\/\/www.therapeutes.pl\" target=\"_blank\" rel=\"noopener noreferrer\">www.therapeutes.pl<\/a><\/p>\n<p>&nbsp;<\/p>\n<p>[\/et_pb_team_member][\/et_pb_column][\/et_pb_row][et_pb_row _builder_version=&#8221;4.4.2&#8243; background_size=&#8221;initial&#8221; background_position=&#8221;top_left&#8221; background_repeat=&#8221;repeat&#8221;][et_pb_column type=&#8221;4_4&#8243; _builder_version=&#8221;3.25&#8243; custom_padding=&#8221;|||&#8221; custom_padding__hover=&#8221;|||&#8221;][et_pb_team_member name=&#8221;dr hab. Agnieszka Ko\u015bcia\u0144ska&#8221; position=&#8221;Opiekun naukowa projektu, antropolo\u017cka kultury, adiunkt UW&#8221; image_url=&#8221;http:\/\/rzeczpospolitasnow.pl\/wp-content\/uploads\/2020\/04\/ak_sf_2019-3.jpg&#8221; icon_color=&#8221;#2ea3f2&#8243; admin_label=&#8221;Team Member&#8221; _builder_version=&#8221;4.4.2&#8243; background_size=&#8221;initial&#8221; background_position=&#8221;top_left&#8221; background_repeat=&#8221;repeat&#8221; animation=&#8221;fade_in&#8221; link_option_url_new_window=&#8221;on&#8221;]<\/p>\n<p>Pracuj\u0119 w Instytucie Etnologii i Antropologii Kulturowej Uniwersytetu Warszawskiego. Prowadz\u0119 badania nad p\u0142ci\u0105 i seksualno\u015bci\u0105, edukacj\u0105 seksualn\u0105, histori\u0105 seksualno\u015bci, mechanizmami dyskryminacji, rasizmem, religijno\u015bci\u0105, przemoc\u0105 seksualn\u0105, a tak\u017ce lokalnymi i alternatywnymi formami sprawczo\u015bci i emancypacji. Jestem zwolenniczk\u0105 antropologii zaanga\u017cowanej, podejmuj\u0105cej wa\u017cne kwestie spo\u0142eczne, obecnej w przestrzeni publicznej.<\/p>\n<p>W przesz\u0142o\u015bci by\u0142am stypendystk\u0105 m.in. rz\u0105du du\u0144skiego (Uniwersytet Kopenhaski, 2005), Fundacji Ko\u015bciuszkowskiej (New School for Social Research, 2006), Imre Kert\u00e9sz Kolleg Jena (2016, 2017\/2018), Royal Society of Edinburgh (2017, Edinburgh College of Art), Marie Curie Fellowship (Uniwersytet Warszawski i Uniwersytet Harvarda). Od stycznia 2017 roku jestem zast\u0119pczyni\u0105 redaktora naczelnego \u201eLudu\u201d , najstarszego polskiego pisma etnologicznego (wydawanego od 1895 roku).<\/p>\n<p><a href=\"https:\/\/akoscianska.wordpress.com\/\" target=\"_blank\" data-saferedirecturl=\"https:\/\/www.google.com\/url?q=https:\/\/akoscianska.wordpress.com\/&amp;source=gmail&amp;ust=1592237004993000&amp;usg=AFQjCNH3mzVg5UEAuHja8_vfBby1ibIQgA\" rel=\"noopener noreferrer\">https:\/\/akoscianska.wordpress.<wbr \/>com\/<\/a><\/p>\n<p>[\/et_pb_team_member][\/et_pb_column][\/et_pb_row][et_pb_row _builder_version=&#8221;4.4.2&#8243; background_size=&#8221;initial&#8221; background_position=&#8221;top_left&#8221; background_repeat=&#8221;repeat&#8221;][et_pb_column type=&#8221;4_4&#8243; _builder_version=&#8221;3.25&#8243; custom_padding=&#8221;|||&#8221; custom_padding__hover=&#8221;|||&#8221;][et_pb_team_member name=&#8221;dr Krystyna W\u0119g\u0142owska-Rzepa&#8221; position=&#8221;Konsultant w dziedzinie psychologii, analityk i superwizor jungowski, certyfikowana psychoterapeutka&#8221; image_url=&#8221;http:\/\/rzeczpospolitasnow.pl\/wp-content\/uploads\/2020\/04\/d8e93d7272ffb2cd3338b0d971fa58c1_large.jpg&#8221; icon_color=&#8221;#2ea3f2&#8243; admin_label=&#8221;Team Member&#8221; _builder_version=&#8221;4.4.2&#8243; background_size=&#8221;initial&#8221; background_position=&#8221;top_left&#8221; background_repeat=&#8221;repeat&#8221; animation=&#8221;fade_in&#8221;]<\/p>\n<p>Z wykszta\u0142cenia jestem psychologiem i certyfikowanym analitykiem jungowskim. Studiowa\u0142am w Instytucie Psychologii Uniwersytetu Wroc\u0142awskiego, gdzie uzyska\u0142am dyplom magistra a nast\u0119pnie doktora nauk humanistycznych w zakresie psychologii. W latach 1999\u20132005 pe\u0142ni\u0142am funkcj\u0119 wicedyrektora Instytutu Psychologii we Wroc\u0142awiu, a w latach 2010-2013 prezesa Polskiego Towarzystwa Psychologii Analitycznej. Organizowa\u0142am mi\u0119dzynarodowe seminaria i konferencje jungowskie w Instytucie Psychologii UWr.<\/p>\n<p>Psychoterapi\u0105 zajmuj\u0119 si\u0119 od 1994 roku. Wiedz\u0119 i umiej\u0119tno\u015bci w tej dziedzinie zdobywa\u0142am ucz\u0105c si\u0119 i praktykuj\u0105c w r\u00f3\u017cnych podej\u015bciach terapeutycznych, a od 1999 roku specjalizuj\u0119 si\u0119 w analizie i psychoterapii Jungowskiej. Uko\u0144czy\u0142am ca\u0142o\u015bciowe szkolenie w ramach International Association for Analytical Psychology i Polskiego Towarzystwa Psychologii Analitycznej. W ramach zaj\u0119\u0107 kursowych PTPA prowadz\u0119 wyk\u0142ady i warsztaty oraz analizy i superwizje treningowe. Istotnym aspektem pracy terapeutycznej jest analiza sn\u00f3w, stanowi\u0105ca uzupe\u0142nienie tre\u015bci z kt\u00f3rymi zazwyczaj klienci dziel\u0105 si\u0119 na terapii. Pracuj\u0119 z osobami doros\u0142ymi, rodzinami i z m\u0142odzie\u017c\u0105.<\/p>\n<p><a href=\"http:\/\/www.psychoterapia-sens.pl\/\" target=\"_blank\" rel=\"noopener noreferrer\">http:\/\/www.psychoterapia-sens.pl\/<\/a><\/p>\n<p>[\/et_pb_team_member][\/et_pb_column][\/et_pb_row][et_pb_row column_structure=&#8221;1_4,1_4,1_4,1_4&#8243; _builder_version=&#8221;4.4.2&#8243;][et_pb_column type=&#8221;1_4&#8243; _builder_version=&#8221;4.4.2&#8243;][et_pb_image src=&#8221;http:\/\/rzeczpospolitasnow.pl\/wp-content\/uploads\/2020\/04\/uw.jpg&#8221; url=&#8221;http:\/\/uw.edu.pl&#8221; url_new_window=&#8221;on&#8221; _builder_version=&#8221;4.4.2&#8243; custom_margin=&#8221;|1px||||&#8221; custom_padding=&#8221;|||0px||&#8221;][\/et_pb_image][\/et_pb_column][et_pb_column type=&#8221;1_4&#8243; _builder_version=&#8221;4.4.2&#8243;][et_pb_image src=&#8221;http:\/\/rzeczpospolitasnow.pl\/wp-content\/uploads\/2020\/04\/ieiak.jpg&#8221; url=&#8221;https:\/\/www.etnologia.uw.edu.pl\/&#8221; url_new_window=&#8221;on&#8221; _builder_version=&#8221;4.4.2&#8243; custom_margin=&#8221;|-72px||-96px||&#8221; custom_padding=&#8221;|0px||23px||&#8221;][\/et_pb_image][\/et_pb_column][et_pb_column type=&#8221;1_4&#8243; _builder_version=&#8221;4.4.2&#8243;][et_pb_image src=&#8221;http:\/\/rzeczpospolitasnow.pl\/wp-content\/uploads\/2020\/04\/saj_okr-150&#215;150.jpg&#8221; url=&#8221;http:\/\/analitycyjungowscy.pl&#8221; url_new_window=&#8221;on&#8221; _builder_version=&#8221;4.4.2&#8243; width=&#8221;80.8%&#8221; custom_margin=&#8221;|||59px||&#8221; custom_padding=&#8221;|63px|0px|0px||&#8221;][\/et_pb_image][\/et_pb_column][et_pb_column type=&#8221;1_4&#8243; _builder_version=&#8221;4.4.2&#8243;][et_pb_image src=&#8221;http:\/\/rzeczpospolitasnow.pl\/wp-content\/uploads\/2020\/04\/logo_ptpa.jpg&#8221; url=&#8221;http:\/\/ptpajung.pl&#8221; url_new_window=&#8221;on&#8221; align=&#8221;right&#8221; _builder_version=&#8221;4.4.2&#8243;][\/et_pb_image][\/et_pb_column][\/et_pb_row][\/et_pb_section]<\/p>\n","protected":false},"excerpt":{"rendered":"<p>[et_pb_section fb_built=&#8221;1&#8243; fullwidth=&#8221;on&#8221; _builder_version=&#8221;3.22&#8243; background_color=&#8221;#2ea3f2&#8243; use_background_color_gradient=&#8221;on&#8221; background_color_gradient_start=&#8221;#2ea3f2&#8243; background_color_gradient_end=&#8221;#2e6df4&#8243; background_color_gradient_direction=&#8221;330deg&#8221;][et_pb_fullwidth_header title=&#8221;Nasz zesp\u00f3\u0142&#8221; subhead=&#8221;Badacze Rzeczypospolitej Sn\u00f3w&#8221; content_max_width=&#8221;none&#8221; _builder_version=&#8221;3.16&#8243; background_color=&#8221;rgba(255, 255, 255, 0)&#8221; custom_padding=&#8221;9px||0px|||&#8221; button_one_text_size__hover_enabled=&#8221;off&#8221; button_two_text_size__hover_enabled=&#8221;off&#8221; button_one_text_color__hover_enabled=&#8221;off&#8221; button_two_text_color__hover_enabled=&#8221;off&#8221; button_one_border_width__hover_enabled=&#8221;off&#8221; button_two_border_width__hover_enabled=&#8221;off&#8221; button_one_border_color__hover_enabled=&#8221;off&#8221; button_two_border_color__hover_enabled=&#8221;off&#8221; button_one_border_radius__hover_enabled=&#8221;off&#8221; button_two_border_radius__hover_enabled=&#8221;off&#8221; button_one_letter_spacing__hover_enabled=&#8221;off&#8221; button_two_letter_spacing__hover_enabled=&#8221;off&#8221; button_one_bg_color__hover_enabled=&#8221;off&#8221; button_two_bg_color__hover_enabled=&#8221;off&#8221;][\/et_pb_fullwidth_header][\/et_pb_section][et_pb_section fb_built=&#8221;1&#8243; _builder_version=&#8221;3.22&#8243; background_color=&#8221;#f7f7f7&#8243; custom_padding=&#8221;||0px|||&#8221;][et_pb_row _builder_version=&#8221;3.25&#8243; background_size=&#8221;initial&#8221; background_position=&#8221;top_left&#8221; background_repeat=&#8221;repeat&#8221;][et_pb_column type=&#8221;4_4&#8243; _builder_version=&#8221;3.25&#8243; custom_padding=&#8221;|||&#8221; custom_padding__hover=&#8221;|||&#8221;][et_pb_text _builder_version=&#8221;4.4.2&#8243; background_size=&#8221;initial&#8221; background_position=&#8221;top_left&#8221; background_repeat=&#8221;repeat&#8221; width=&#8221;100%&#8221; custom_margin=&#8221;-50px|-230px||||&#8221; custom_padding=&#8221;|0px||||&#8221;] &#8222;Rzeczpospolita [&hellip;]<\/p>\n","protected":false},"author":1,"featured_media":0,"parent":0,"menu_order":0,"comment_status":"closed","ping_status":"closed","template":"","meta":{"_et_pb_use_builder":"on","_et_pb_old_content":"","_et_gb_content_width":"","_monsterinsights_skip_tracking":false,"_monsterinsights_sitenote_active":false,"_monsterinsights_sitenote_note":"","_monsterinsights_sitenote_category":0},"yoast_head":"<!-- This site is optimized with the Yoast SEO plugin v15.9 - https:\/\/yoast.com\/wordpress\/plugins\/seo\/ -->\n<title>Zesp\u00f3\u0142 - Rzeczpospolita Sn\u00f3w<\/title>\n<meta name=\"robots\" content=\"index, follow, max-snippet:-1, max-image-preview:large, max-video-preview:-1\" \/>\n<link rel=\"canonical\" href=\"https:\/\/rzeczpospolitasnow.pl\/index.php\/18-2\/\" \/>\n<meta property=\"og:locale\" content=\"pl_PL\" \/>\n<meta property=\"og:type\" content=\"article\" \/>\n<meta property=\"og:title\" content=\"Zesp\u00f3\u0142 - Rzeczpospolita Sn\u00f3w\" \/>\n<meta property=\"og:description\" content=\"[et_pb_section fb_built=&#8221;1&#8243; fullwidth=&#8221;on&#8221; _builder_version=&#8221;3.22&#8243; background_color=&#8221;#2ea3f2&#8243; use_background_color_gradient=&#8221;on&#8221; background_color_gradient_start=&#8221;#2ea3f2&#8243; background_color_gradient_end=&#8221;#2e6df4&#8243; background_color_gradient_direction=&#8221;330deg&#8221;][et_pb_fullwidth_header title=&#8221;Nasz zesp\u00f3\u0142&#8221; subhead=&#8221;Badacze Rzeczypospolitej Sn\u00f3w&#8221; content_max_width=&#8221;none&#8221; _builder_version=&#8221;3.16&#8243; background_color=&#8221;rgba(255, 255, 255, 0)&#8221; custom_padding=&#8221;9px||0px|||&#8221; button_one_text_size__hover_enabled=&#8221;off&#8221; button_two_text_size__hover_enabled=&#8221;off&#8221; button_one_text_color__hover_enabled=&#8221;off&#8221; button_two_text_color__hover_enabled=&#8221;off&#8221; button_one_border_width__hover_enabled=&#8221;off&#8221; button_two_border_width__hover_enabled=&#8221;off&#8221; button_one_border_color__hover_enabled=&#8221;off&#8221; button_two_border_color__hover_enabled=&#8221;off&#8221; button_one_border_radius__hover_enabled=&#8221;off&#8221; button_two_border_radius__hover_enabled=&#8221;off&#8221; button_one_letter_spacing__hover_enabled=&#8221;off&#8221; button_two_letter_spacing__hover_enabled=&#8221;off&#8221; button_one_bg_color__hover_enabled=&#8221;off&#8221; button_two_bg_color__hover_enabled=&#8221;off&#8221;][\/et_pb_fullwidth_header][\/et_pb_section][et_pb_section fb_built=&#8221;1&#8243; _builder_version=&#8221;3.22&#8243; background_color=&#8221;#f7f7f7&#8243; custom_padding=&#8221;||0px|||&#8221;][et_pb_row _builder_version=&#8221;3.25&#8243; background_size=&#8221;initial&#8221; background_position=&#8221;top_left&#8221; background_repeat=&#8221;repeat&#8221;][et_pb_column type=&#8221;4_4&#8243; _builder_version=&#8221;3.25&#8243; custom_padding=&#8221;|||&#8221; custom_padding__hover=&#8221;|||&#8221;][et_pb_text _builder_version=&#8221;4.4.2&#8243; background_size=&#8221;initial&#8221; background_position=&#8221;top_left&#8221; background_repeat=&#8221;repeat&#8221; width=&#8221;100%&#8221; custom_margin=&#8221;-50px|-230px||||&#8221; custom_padding=&#8221;|0px||||&#8221;] &#8222;Rzeczpospolita [&hellip;]\" \/>\n<meta property=\"og:url\" content=\"https:\/\/rzeczpospolitasnow.pl\/index.php\/18-2\/\" \/>\n<meta property=\"og:site_name\" content=\"Rzeczpospolita Sn\u00f3w\" \/>\n<meta property=\"article:modified_time\" content=\"2020-06-14T16:04:11+00:00\" \/>\n<meta name=\"twitter:card\" content=\"summary_large_image\" \/>\n<meta name=\"twitter:label1\" content=\"Est. reading time\">\n\t<meta name=\"twitter:data1\" content=\"6 minut\">\n<script type=\"application\/ld+json\" class=\"yoast-schema-graph\">{\"@context\":\"https:\/\/schema.org\",\"@graph\":[{\"@type\":\"WebSite\",\"@id\":\"https:\/\/rzeczpospolitasnow.pl\/#website\",\"url\":\"https:\/\/rzeczpospolitasnow.pl\/\",\"name\":\"Rzeczpospolita Sn\\u00f3w\",\"description\":\"Przestrze\\u0144 dzielenia si\\u0119 snami i bada\\u0144 nad &quot;\\u015ani\\u0105c\\u0105 Rzeczpospolit\\u0105&quot;\",\"potentialAction\":[{\"@type\":\"SearchAction\",\"target\":\"https:\/\/rzeczpospolitasnow.pl\/?s={search_term_string}\",\"query-input\":\"required name=search_term_string\"}],\"inLanguage\":\"pl-PL\"},{\"@type\":\"WebPage\",\"@id\":\"https:\/\/rzeczpospolitasnow.pl\/index.php\/18-2\/#webpage\",\"url\":\"https:\/\/rzeczpospolitasnow.pl\/index.php\/18-2\/\",\"name\":\"Zesp\\u00f3\\u0142 - Rzeczpospolita Sn\\u00f3w\",\"isPartOf\":{\"@id\":\"https:\/\/rzeczpospolitasnow.pl\/#website\"},\"datePublished\":\"2020-04-05T16:52:53+00:00\",\"dateModified\":\"2020-06-14T16:04:11+00:00\",\"breadcrumb\":{\"@id\":\"https:\/\/rzeczpospolitasnow.pl\/index.php\/18-2\/#breadcrumb\"},\"inLanguage\":\"pl-PL\",\"potentialAction\":[{\"@type\":\"ReadAction\",\"target\":[\"https:\/\/rzeczpospolitasnow.pl\/index.php\/18-2\/\"]}]},{\"@type\":\"BreadcrumbList\",\"@id\":\"https:\/\/rzeczpospolitasnow.pl\/index.php\/18-2\/#breadcrumb\",\"itemListElement\":[{\"@type\":\"ListItem\",\"position\":1,\"item\":{\"@type\":\"WebPage\",\"@id\":\"https:\/\/rzeczpospolitasnow.pl\/\",\"url\":\"https:\/\/rzeczpospolitasnow.pl\/\",\"name\":\"Strona g\\u0142\\u00f3wna\"}},{\"@type\":\"ListItem\",\"position\":2,\"item\":{\"@type\":\"WebPage\",\"@id\":\"https:\/\/rzeczpospolitasnow.pl\/index.php\/18-2\/\",\"url\":\"https:\/\/rzeczpospolitasnow.pl\/index.php\/18-2\/\",\"name\":\"Zesp\\u00f3\\u0142\"}}]}]}<\/script>\n<!-- \/ Yoast SEO plugin. -->","_links":{"self":[{"href":"https:\/\/rzeczpospolitasnow.pl\/index.php\/wp-json\/wp\/v2\/pages\/18"}],"collection":[{"href":"https:\/\/rzeczpospolitasnow.pl\/index.php\/wp-json\/wp\/v2\/pages"}],"about":[{"href":"https:\/\/rzeczpospolitasnow.pl\/index.php\/wp-json\/wp\/v2\/types\/page"}],"author":[{"embeddable":true,"href":"https:\/\/rzeczpospolitasnow.pl\/index.php\/wp-json\/wp\/v2\/users\/1"}],"replies":[{"embeddable":true,"href":"https:\/\/rzeczpospolitasnow.pl\/index.php\/wp-json\/wp\/v2\/comments?post=18"}],"version-history":[{"count":24,"href":"https:\/\/rzeczpospolitasnow.pl\/index.php\/wp-json\/wp\/v2\/pages\/18\/revisions"}],"predecessor-version":[{"id":233,"href":"https:\/\/rzeczpospolitasnow.pl\/index.php\/wp-json\/wp\/v2\/pages\/18\/revisions\/233"}],"wp:attachment":[{"href":"https:\/\/rzeczpospolitasnow.pl\/index.php\/wp-json\/wp\/v2\/media?parent=18"}],"curies":[{"name":"wp","href":"https:\/\/api.w.org\/{rel}","templated":true}]}}